{"id":6592,"date":"2023-04-03T15:02:19","date_gmt":"2023-04-03T15:02:19","guid":{"rendered":"https:\/\/costacollege.cl\/iquique\/?page_id=6592"},"modified":"2023-04-20T15:39:22","modified_gmt":"2023-04-20T15:39:22","slug":"quienes-somos-2","status":"publish","type":"page","link":"https:\/\/costacollege.cl\/iquique\/quienes-somos-2\/","title":{"rendered":"Misi\u00f3n y Visi\u00f3n"},"content":{"rendered":"\n<p class=\"has-text-align-left has-text-color\" style=\"color:#0a0a42\"><strong>Nuestra misi\u00f3n es:<\/strong><\/p>\n\n\n\n<p class=\"has-text-align-left p style=&quot;text-align: justify;&quot;\" id=\"p-style=&quot;text-align:-justify;&quot;\"><em>\u201cSomos un colegio familiar que busca formar personas integrales, capaces de desarrollar un proyecto de vida que les permita ser felices y responsables, siempre valorando la solidaridad y el respeto por la diversidad. Sustentado en un modelo educativo que se centra en desarrollar las competencias de los\/las estudiantes, la inclusi\u00f3n de sus familias, nuestros colaboradores y &nbsp;la sociedad que los rodea. Todo esto con el fin \u00faltimo de prepararlos para enfrentar un mundo cada vez m\u00e1s exigente y globalizado\u201d.<\/em><\/p>\n\n\n\n<p class=\"has-text-align-left has-text-color\" style=\"color:#0a0a42\"><strong>Nuestra visi\u00f3n es:<\/strong><\/p>\n\n\n\n<p class=\"has-text-align-left\"><em>\u201c<\/em><em>Ser reconocidos a nivel nacional como un colegio acogedor y familiar, por su formaci\u00f3n acad\u00e9mica, val\u00f3rica y responsabilidad con la sociedad, donde se respeten, valoren y potencien las capacidades de cada estudiante en un ambiente de sana convivencia y valores universales para contribuir en nuestra sociedad con la formaci\u00f3n de personas integrales, capaces de valorar, respetar la diversidad y que posean las herramientas necesarias para elaborar sus propios proyectos de vida de manera satisfactoria\u201d<\/em><\/p>\n","protected":false},"excerpt":{"rendered":"<p>Nuestra misi\u00f3n es: \u201cSomos un colegio familiar que busca formar personas integrales, capaces de desarrollar un proyecto de vida que les permita ser felices y responsables, siempre valorando la solidaridad [&hellip;]<\/p>\n","protected":false},"author":1,"featured_media":0,"parent":0,"menu_order":0,"comment_status":"closed","ping_status":"closed","template":"","meta":{"_price":"","_stock":"","_tribe_ticket_header":"","_tribe_default_ticket_provider":"","_ticket_start_date":"","_ticket_end_date":"","_tribe_ticket_show_description":"","_tribe_ticket_show_not_going":false,"_tribe_ticket_use_global_stock":"","_tribe_ticket_global_stock_level":"","_global_stock_mode":"","_global_stock_cap":"","_tribe_rsvp_for_event":"","_tribe_ticket_going_count":"","_tribe_ticket_not_going_count":"","_tribe_tickets_list":"[]","_tribe_ticket_has_attendee_info_fields":false,"footnotes":"","_tec_slr_enabled":"","_tec_slr_layout":""},"class_list":["post-6592","page","type-page","status-publish","hentry"],"ticketed":false,"_links":{"self":[{"href":"https:\/\/costacollege.cl\/iquique\/wp-json\/wp\/v2\/pages\/6592","targetHints":{"allow":["GET"]}}],"collection":[{"href":"https:\/\/costacollege.cl\/iquique\/wp-json\/wp\/v2\/pages"}],"about":[{"href":"https:\/\/costacollege.cl\/iquique\/wp-json\/wp\/v2\/types\/page"}],"author":[{"embeddable":true,"href":"https:\/\/costacollege.cl\/iquique\/wp-json\/wp\/v2\/users\/1"}],"replies":[{"embeddable":true,"href":"https:\/\/costacollege.cl\/iquique\/wp-json\/wp\/v2\/comments?post=6592"}],"version-history":[{"count":5,"href":"https:\/\/costacollege.cl\/iquique\/wp-json\/wp\/v2\/pages\/6592\/revisions"}],"predecessor-version":[{"id":7242,"href":"https:\/\/costacollege.cl\/iquique\/wp-json\/wp\/v2\/pages\/6592\/revisions\/7242"}],"wp:attachment":[{"href":"https:\/\/costacollege.cl\/iquique\/wp-json\/wp\/v2\/media?parent=6592"}],"curies":[{"name":"wp","href":"https:\/\/api.w.org\/{rel}","templated":true}]}}