{"id":6738,"date":"2023-04-05T17:44:27","date_gmt":"2023-04-05T17:44:27","guid":{"rendered":"https:\/\/costacollege.cl\/iquique\/?page_id=6738"},"modified":"2023-04-20T18:24:44","modified_gmt":"2023-04-20T18:24:44","slug":"director","status":"publish","type":"page","link":"https:\/\/costacollege.cl\/iquique\/director\/","title":{"rendered":"Mensaje del Director"},"content":{"rendered":"\n<div class=\"wp-block-columns is-layout-flex wp-container-core-columns-is-layout-9d6595d7 wp-block-columns-is-layout-flex\">\n<div class=\"wp-block-column is-layout-flow wp-block-column-is-layout-flow\"><div class=\"wp-block-image\">\n<figure class=\"aligncenter size-full\"><img loading=\"lazy\" decoding=\"async\" width=\"270\" height=\"440\" src=\"https:\/\/costacollege.cl\/iquique\/wp-content\/uploads\/2023\/04\/Marco-Rojas-edit.png\" alt=\"\" class=\"wp-image-6799\" srcset=\"https:\/\/costacollege.cl\/iquique\/wp-content\/uploads\/2023\/04\/Marco-Rojas-edit.png 270w, https:\/\/costacollege.cl\/iquique\/wp-content\/uploads\/2023\/04\/Marco-Rojas-edit-184x300.png 184w\" sizes=\"auto, (max-width: 270px) 100vw, 270px\" \/><\/figure>\n<\/div><\/div>\n\n\n\n<div class=\"wp-block-column is-layout-flow wp-block-column-is-layout-flow\">\n<p class=\"has-text-align-left\">Querida comunidad Costa College:<br>Brindarle a cada uno de ustedes una calurosa bienvenida a nuestra comunidad educativa.<br>Esperamos, como colegio, poder sostener una relaci\u00f3n acad\u00e9mica excepcional, efectiva y de apoyo con todos ustedes. Me siento especialmente honrado de liderar esta comunidad y poder desempe\u00f1ar mi rol como Director para garantizar que sigamos trabajando colaborativamente, padres, estudiantes y todas las personas que trabajan en Costa College. Mi objetivo es desarrollar y mantener un ambiente de respeto, disciplina y altos est\u00e1ndares acad\u00e9micos, que tengamos un colegio en el que todos est\u00e9n seguros, tratados con respeto y motivados a aprender. Esto es posible gracias al personal din\u00e1mico y en\u00e9rgico que aporta con experiencia, unidad y con firme intenci\u00f3n de mejorar el aprendizaje de nuestros estudiantes.<\/p>\n<\/div>\n<\/div>\n\n\n\n<p class=\"has-text-align-left\">Cabe recordar que este proyecto lo iniciamos en el a\u00f1o 2018 y hemos visto todos los cambios por los que ha pasado nuestro establecimiento. Nuestros objetivos principales como colegio, en un mundo cambiante y desafiante como el de hoy, son fomentar el ingl\u00e9s como segundo idioma y la tecnolog\u00eda principalmente. El futuro depender\u00e1 de la capacidad de comunicarse en ingl\u00e9s, por lo tanto, hemos instalado un programa de inmersi\u00f3n en el idioma desde Playgroup hasta Sexto a\u00f1o b\u00e1sico y, junto con la implementaci\u00f3n de tecnolog\u00eda, somos capaces de preparar a nuestros  estudiantes con las habilidades t\u00e9cnicas para enfrentar los desaf\u00edos del siglo 21.<br><br>Constantemente supervisamos y actualizamos a nuestro personal con las \u00faltimas tendencias e innovaciones en educaci\u00f3n. Estamos comprometidos con el desarrollo de los estudiantes como un  todo; proporcionando un entorno motivante y desafiante donde todos pueden alcanzar su potencial. En Costa College, nuestros estudiantes se sienten seguros y capaces de desarrollar su aprendizaje de manera independiente y creativa. Sobre todo, deseamos que nuestro alumnado se sienta comprometido, con un fuerte sentido de pertenencia, lo que sin duda conllevar\u00e1 a que desarrollen habilidades para convertirse en personas solidarias y responsables de la sociedad.<br>Un saludo afectuoso,<br><br><strong>Mister Marco Rojas Eguiluz<br>Director<\/strong><\/p>\n\n\n\n<h2 class=\"wp-block-heading has-text-color\" style=\"color:#161455\">Head of school<\/h2>\n\n\n\n<p class=\"has-text-align-left\">Dear School Community,<br><br>A very warm and happy welcome to Costa College learning community. We look forward to sharing an exceptional academic relationship with you, one that will be supportive and successful. I feel especially honored to lead our community and to play my role in ensuring that we continue working together, parents, students and every single person who works at Costa College. It is my aim to develop and maintain an environment of respect, discipline, and high academic standards, a school in which everyone is safe, treated with respect and encouraged to learn. This is made possible by the dynamic and energetic staff who between them, bring a wealth of experiences, and are united in their intention of improving students\u2019 learning. It is worth remembering that we started this project in 2018 and we have seen all the changes that the school has gone through. In today\u2019s rapidly changing and challenging world, we believe it to be the school\u2019s primary tasks to foster, English, as a second language and technology. The future will rely on the ability to communicate in English, we have encouraged an immersion program from playgroup to 6 th grade and along with technology, we are able to prepare our students for the challenges of the future with the technical skills to complete in the 21st century.<br><br>We constantly monitor and update with the latest trends and innovations in education.<br><br>We are committed to developing students as a whole; providing an exciting and challenging environment where everyone can achieve their potential. At Costa College, our students feel safe to develop as independent learners, developing creatively and academically. Above all, I want students in my school to be happy, developing skills to become caring, responsible members of society, have a love of learning and lively enquiring minds.<br>Kind regards,<strong><br><\/strong><br><strong>Mister Marco Rojas E.<br>Head of School<\/strong><\/p>\n","protected":false},"excerpt":{"rendered":"<p>Querida comunidad Costa College:Brindarle a cada uno de ustedes una calurosa bienvenida a nuestra comunidad educativa.Esperamos, como colegio, poder sostener una relaci\u00f3n acad\u00e9mica excepcional, efectiva y de apoyo con todos [&hellip;]<\/p>\n","protected":false},"author":1,"featured_media":0,"parent":0,"menu_order":0,"comment_status":"closed","ping_status":"closed","template":"","meta":{"_price":"","_stock":"","_tribe_ticket_header":"","_tribe_default_ticket_provider":"","_ticket_start_date":"","_ticket_end_date":"","_tribe_ticket_show_description":"","_tribe_ticket_show_not_going":false,"_tribe_ticket_use_global_stock":"","_tribe_ticket_global_stock_level":"","_global_stock_mode":"","_global_stock_cap":"","_tribe_rsvp_for_event":"","_tribe_ticket_going_count":"","_tribe_ticket_not_going_count":"","_tribe_tickets_list":"[]","_tribe_ticket_has_attendee_info_fields":false,"footnotes":"","_tec_slr_enabled":"","_tec_slr_layout":""},"class_list":["post-6738","page","type-page","status-publish","hentry"],"ticketed":false,"_links":{"self":[{"href":"https:\/\/costacollege.cl\/iquique\/wp-json\/wp\/v2\/pages\/6738","targetHints":{"allow":["GET"]}}],"collection":[{"href":"https:\/\/costacollege.cl\/iquique\/wp-json\/wp\/v2\/pages"}],"about":[{"href":"https:\/\/costacollege.cl\/iquique\/wp-json\/wp\/v2\/types\/page"}],"author":[{"embeddable":true,"href":"https:\/\/costacollege.cl\/iquique\/wp-json\/wp\/v2\/users\/1"}],"replies":[{"embeddable":true,"href":"https:\/\/costacollege.cl\/iquique\/wp-json\/wp\/v2\/comments?post=6738"}],"version-history":[{"count":5,"href":"https:\/\/costacollege.cl\/iquique\/wp-json\/wp\/v2\/pages\/6738\/revisions"}],"predecessor-version":[{"id":7266,"href":"https:\/\/costacollege.cl\/iquique\/wp-json\/wp\/v2\/pages\/6738\/revisions\/7266"}],"wp:attachment":[{"href":"https:\/\/costacollege.cl\/iquique\/wp-json\/wp\/v2\/media?parent=6738"}],"curies":[{"name":"wp","href":"https:\/\/api.w.org\/{rel}","templated":true}]}}