{"id":6780,"date":"2023-04-08T17:16:15","date_gmt":"2023-04-08T17:16:15","guid":{"rendered":"https:\/\/costacollege.cl\/iquique\/?page_id=6780"},"modified":"2025-06-24T20:35:51","modified_gmt":"2025-06-24T20:35:51","slug":"infant-school","status":"publish","type":"page","link":"https:\/\/costacollege.cl\/iquique\/infant-school\/","title":{"rendered":"Infant School"},"content":{"rendered":"\n<p id=\"m_-994930460156678959gmail-docs-internal-guid-53df70df-a39d-dd78-abf3-24d2e5146246\">Estimadas Familias:<\/p>\n\n\n\n<p>En <em>Infant School Costa College<\/em> creemos firmemente que un ni\u00f1o feliz es un ni\u00f1o exitoso. Por ello, estamos comprometidos en ofrecer un ambiente positivo y estimulante donde nuestros estudiantes puedan aprender, jugar y compartir sus opiniones y experiencias de manera libre y enriquecedora.<\/p>\n\n\n\n<p>Nuestro prop\u00f3sito es dise\u00f1ar y aplicar un proceso de aprendizaje que permita a cada ni\u00f1o desarrollar su m\u00e1ximo potencial y, de esta forma, convertirse en un estudiante aut\u00f3nomo e independiente.<\/p>\n\n\n\n<p>Nos enfocamos en acompa\u00f1ar un desarrollo emocional y social saludable durante la primera infancia, bas\u00e1ndonos en los principios de la neuroeducaci\u00f3n. Por esta raz\u00f3n, la educaci\u00f3n emocional es una prioridad para toda nuestra comunidad educativa. Valoramos profundamente el compromiso y la participaci\u00f3n de las familias en este proceso fundamental.<\/p>\n\n\n\n<p>Adem\u00e1s, buscamos fortalecer un proceso de ense\u00f1anza biling\u00fce para todos nuestros estudiantes. El ingl\u00e9s se ense\u00f1a como segunda lengua siguiendo la metodolog\u00eda CLIL, que ofrece experiencias de aprendizaje significativas y l\u00fadicas, prepar\u00e1ndolos para la vida a trav\u00e9s de actividades dise\u00f1adas especialmente para ellos.<\/p>\n\n\n\n<p>En nombre de todo nuestro equipo, los invitamos a ser parte activa de este maravilloso viaje de aprendizaje, recordando siempre que:<br>\u201cSe necesitar\u00e1n grandes corazones para formar la mente de nuestros peque\u00f1os y peque\u00f1as.\u201d<\/p>\n\n\n\n<p>Reciban un cordial saludo,<br>Gigloglia Cordano Carrizo<br>Coordinadora Ciclo Infant School Costa College<\/p>\n\n\n\n<p>Dear Families,<\/p>\n\n\n\n<p>At Infant School Costa College, we firmly believe that a happy child is a successful child. For this reason, we are committed to providing a positive and stimulating environment where our students can learn, play, and freely share their opinions and experiences in an enriching way.<\/p>\n\n\n\n<p>Our goal is to design and implement a learning process that allows each child to develop their full potential and, in doing so, become an autonomous and independent learner.<\/p>\n\n\n\n<p>We focus on supporting healthy emotional and social development during early childhood, based on the principles of neuroeducation. For this reason, emotional education is a priority for our entire educational community. We deeply value the commitment and participation of families in this fundamental process.<\/p>\n\n\n\n<p>Additionally, we aim to strengthen a bilingual teaching process for all our students. English is taught as a second language following the CLIL methodology, which offers meaningful and playful learning experiences, preparing them for life through activities specially designed for them.<\/p>\n\n\n\n<p>On behalf of our entire team, we invite you to actively participate in this wonderful learning journey, always remembering that:<br>\u201cIt takes big hearts to shape the minds of our little ones.\u201d<\/p>\n\n\n\n<p>Kind regards,<br>Gigloglia Cordano Carrizo<br>Cycle Coordinator<br>Infant School Costa College<\/p>\n","protected":false},"excerpt":{"rendered":"<p>Estimadas Familias: En Infant School Costa College creemos firmemente que un ni\u00f1o feliz es un ni\u00f1o exitoso. Por ello, estamos comprometidos en ofrecer un ambiente positivo y estimulante donde nuestros [&hellip;]<\/p>\n","protected":false},"author":1,"featured_media":0,"parent":0,"menu_order":0,"comment_status":"closed","ping_status":"closed","template":"","meta":{"_price":"","_stock":"","_tribe_ticket_header":"","_tribe_default_ticket_provider":"","_ticket_start_date":"","_ticket_end_date":"","_tribe_ticket_show_description":"","_tribe_ticket_show_not_going":false,"_tribe_ticket_use_global_stock":"","_tribe_ticket_global_stock_level":"","_global_stock_mode":"","_global_stock_cap":"","_tribe_rsvp_for_event":"","_tribe_ticket_going_count":"","_tribe_ticket_not_going_count":"","_tribe_tickets_list":"[]","_tribe_ticket_has_attendee_info_fields":false,"footnotes":"","_tec_slr_enabled":"","_tec_slr_layout":""},"class_list":["post-6780","page","type-page","status-publish","hentry"],"ticketed":false,"_links":{"self":[{"href":"https:\/\/costacollege.cl\/iquique\/wp-json\/wp\/v2\/pages\/6780","targetHints":{"allow":["GET"]}}],"collection":[{"href":"https:\/\/costacollege.cl\/iquique\/wp-json\/wp\/v2\/pages"}],"about":[{"href":"https:\/\/costacollege.cl\/iquique\/wp-json\/wp\/v2\/types\/page"}],"author":[{"embeddable":true,"href":"https:\/\/costacollege.cl\/iquique\/wp-json\/wp\/v2\/users\/1"}],"replies":[{"embeddable":true,"href":"https:\/\/costacollege.cl\/iquique\/wp-json\/wp\/v2\/comments?post=6780"}],"version-history":[{"count":5,"href":"https:\/\/costacollege.cl\/iquique\/wp-json\/wp\/v2\/pages\/6780\/revisions"}],"predecessor-version":[{"id":8297,"href":"https:\/\/costacollege.cl\/iquique\/wp-json\/wp\/v2\/pages\/6780\/revisions\/8297"}],"wp:attachment":[{"href":"https:\/\/costacollege.cl\/iquique\/wp-json\/wp\/v2\/media?parent=6780"}],"curies":[{"name":"wp","href":"https:\/\/api.w.org\/{rel}","templated":true}]}}