{"id":6904,"date":"2023-04-13T19:17:14","date_gmt":"2023-04-13T19:17:14","guid":{"rendered":"https:\/\/costacollege.cl\/iquique\/?page_id=6904"},"modified":"2025-05-02T20:11:03","modified_gmt":"2025-05-02T20:11:03","slug":"centro-de-padres","status":"publish","type":"page","link":"https:\/\/costacollege.cl\/iquique\/centro-de-padres\/","title":{"rendered":"Centro de Padres y Apoderados"},"content":{"rendered":"<div class=\"wp-block-image\">\n<figure class=\"aligncenter size-full\"><img loading=\"lazy\" decoding=\"async\" width=\"209\" height=\"209\" src=\"https:\/\/costacollege.cl\/iquique\/wp-content\/uploads\/2025\/05\/logo-cgpa-1.jpg\" alt=\"\" class=\"wp-image-8169\" srcset=\"https:\/\/costacollege.cl\/iquique\/wp-content\/uploads\/2025\/05\/logo-cgpa-1.jpg 209w, https:\/\/costacollege.cl\/iquique\/wp-content\/uploads\/2025\/05\/logo-cgpa-1-150x150.jpg 150w\" sizes=\"auto, (max-width: 209px) 100vw, 209px\" \/><\/figure>\n<\/div>\n\n\n<p>Estimados Padres y Apoderados:<\/p>\n\n\n\n<p>Como Centro General de Padres y Apoderados del Colegio Costa College, y miembros activos de nuestra Comunidad Escolar, nuestra propuesta est\u00e1 enfocada en mantener l\u00edneas de informaci\u00f3n constante y trabajo colaborativo Familia-Colegio, destacando lo siguiente:<\/p>\n\n\n\n<p><strong>Misi\u00f3n<\/strong>: Ser una directiva presente y proactiva con gran compromiso de colaboraci\u00f3n con el colegio, CEAL, alumnos, docentes y apoderados. Presentando proyectos e ideas orientadas en mejorar y apoyar de forma continua en la labor educacional, estructural y val\u00f3rica. Siempre buscando el bienestar de nuestra comunidad escolar a trav\u00e9s de la difusi\u00f3n y apoyo al proyecto educativo del colegio, que permita fortalecer, la participaci\u00f3n de sus miembros, para alcanzar el perfil de un ser pleno junto a su familia.<\/p>\n\n\n\n<p><strong>Visi\u00f3n<\/strong>: Consolidar la alianza Familia-Colegio, ya que como padres y apoderados entregamos toda nuestra confianza en la formaci\u00f3n educacional e integral de nuestros hijos. El colegio vive en comuni\u00f3n con la familia incluy\u00e9ndola en el proyecto educativo, apostando por una vida escolar saludable, integral, solidaria en la diversidad.<\/p>\n\n\n\n<div class=\"wp-block-columns is-layout-flex wp-container-core-columns-is-layout-9d6595d7 wp-block-columns-is-layout-flex\">\n<div class=\"wp-block-column is-layout-flow wp-block-column-is-layout-flow\">\n<p>Queremos incentivar la b\u00fasqueda en potencialidad de herramientas de sus proyectos de vida, potenciar el biling\u00fcismo y excelencia acad\u00e9mica de nuestros alumnos, buscando entes externos a nuestra instituci\u00f3n siempre reconociendo que vivir el biling\u00fcismo es un desaf\u00edo, vivir en ingl\u00e9s, una realidad.<\/p>\n\n\n\n<p>Durante el a\u00f1o escolar, participamos y apoyamos diversas actividades recreativas y formativas en base a los valores que promueve el colegio, hermoseamiento de \u00e1reas comunes, reconociendo el arduo trabajo de docentes, asistentes de la educaci\u00f3n y funcionarios, mediante obsequios en fechas importantes, apoyo en aniversario, abordamos sus requerimientos frente al equipo directivo del colegio, conversatorios en apoyo a la diversidad de nuestros estudiantes, entre otras cosas.<\/p>\n\n\n\n<p>Actualmente, se ha trabajado con recursos propios, aportes voluntarios de&nbsp; algunos apoderados, cursos y solicitudes a empresas particulares.&nbsp; Pero esta tarea, es de todos los apoderados del colegio, por cuanto solicitamos su apoyo mediante el pago de una cuota anual voluntaria, al momento de matricular, para seguir mejorando y realizando actividades en beneficio de nuestros hijos e hijas.<\/p>\n\n\n\n<p><strong>CGPA Costa College<\/strong><\/p>\n\n\n\n<p><a href=\"mailto:cgpcostacollege@gmail.com\">cgpcostacollege@gmail.com<\/a><strong><\/strong><\/p>\n<\/div>\n\n\n\n<div class=\"wp-block-column is-layout-flow wp-block-column-is-layout-flow\">\n<figure class=\"wp-block-image size-full\"><img loading=\"lazy\" decoding=\"async\" width=\"400\" height=\"400\" src=\"https:\/\/costacollege.cl\/iquique\/wp-content\/uploads\/2025\/05\/Imagen-cgpa.jpg\" alt=\"\" class=\"wp-image-8170\" srcset=\"https:\/\/costacollege.cl\/iquique\/wp-content\/uploads\/2025\/05\/Imagen-cgpa.jpg 400w, https:\/\/costacollege.cl\/iquique\/wp-content\/uploads\/2025\/05\/Imagen-cgpa-300x300.jpg 300w, https:\/\/costacollege.cl\/iquique\/wp-content\/uploads\/2025\/05\/Imagen-cgpa-150x150.jpg 150w\" sizes=\"auto, (max-width: 400px) 100vw, 400px\" \/><\/figure>\n<\/div>\n<\/div>\n","protected":false},"excerpt":{"rendered":"<p>Estimados Padres y Apoderados: Como Centro General de Padres y Apoderados del Colegio Costa College, y miembros activos de nuestra Comunidad Escolar, nuestra propuesta est\u00e1 enfocada en mantener l\u00edneas de [&hellip;]<\/p>\n","protected":false},"author":1,"featured_media":0,"parent":0,"menu_order":0,"comment_status":"closed","ping_status":"closed","template":"","meta":{"_price":"","_stock":"","_tribe_ticket_header":"","_tribe_default_ticket_provider":"","_ticket_start_date":"","_ticket_end_date":"","_tribe_ticket_show_description":"","_tribe_ticket_show_not_going":false,"_tribe_ticket_use_global_stock":"","_tribe_ticket_global_stock_level":"","_global_stock_mode":"","_global_stock_cap":"","_tribe_rsvp_for_event":"","_tribe_ticket_going_count":"","_tribe_ticket_not_going_count":"","_tribe_tickets_list":"[]","_tribe_ticket_has_attendee_info_fields":false,"footnotes":"","_tec_slr_enabled":"","_tec_slr_layout":""},"class_list":["post-6904","page","type-page","status-publish","hentry"],"ticketed":false,"_links":{"self":[{"href":"https:\/\/costacollege.cl\/iquique\/wp-json\/wp\/v2\/pages\/6904","targetHints":{"allow":["GET"]}}],"collection":[{"href":"https:\/\/costacollege.cl\/iquique\/wp-json\/wp\/v2\/pages"}],"about":[{"href":"https:\/\/costacollege.cl\/iquique\/wp-json\/wp\/v2\/types\/page"}],"author":[{"embeddable":true,"href":"https:\/\/costacollege.cl\/iquique\/wp-json\/wp\/v2\/users\/1"}],"replies":[{"embeddable":true,"href":"https:\/\/costacollege.cl\/iquique\/wp-json\/wp\/v2\/comments?post=6904"}],"version-history":[{"count":5,"href":"https:\/\/costacollege.cl\/iquique\/wp-json\/wp\/v2\/pages\/6904\/revisions"}],"predecessor-version":[{"id":8174,"href":"https:\/\/costacollege.cl\/iquique\/wp-json\/wp\/v2\/pages\/6904\/revisions\/8174"}],"wp:attachment":[{"href":"https:\/\/costacollege.cl\/iquique\/wp-json\/wp\/v2\/media?parent=6904"}],"curies":[{"name":"wp","href":"https:\/\/api.w.org\/{rel}","templated":true}]}}