{"id":6907,"date":"2023-04-13T19:22:42","date_gmt":"2023-04-13T19:22:42","guid":{"rendered":"https:\/\/costacollege.cl\/iquique\/?page_id=6907"},"modified":"2025-05-02T20:14:44","modified_gmt":"2025-05-02T20:14:44","slug":"ceal","status":"publish","type":"page","link":"https:\/\/costacollege.cl\/iquique\/ceal\/","title":{"rendered":"CEAL"},"content":{"rendered":"\n<p class=\"has-text-align-left\">El Centro de Alumnos de Costa College es una organizaci\u00f3n formada por estudiantes, quienes fueron escogidos de forma democr\u00e1tica por sus compa\u00f1eros a trav\u00e9s de una elecci\u00f3n por listas, impulsa la participaci\u00f3n activa de los estudiantes en la vida escolar, gestiona actividades y eventos que fomenten la integraci\u00f3n y el bienestar estudiantil, y es un canal de comunicaci\u00f3n entre los estudiantes y la direcci\u00f3n. Adem\u00e1s, promueve la defensa de los derechos de los estudiantes en pro de mejorar la convivencia escolar y favorecer un entorno educativo m\u00e1s inclusivo y participativo.<\/p>\n\n\n\n<div class=\"wp-block-columns is-layout-flex wp-container-core-columns-is-layout-9d6595d7 wp-block-columns-is-layout-flex\">\n<div class=\"wp-block-column is-layout-flow wp-block-column-is-layout-flow\">\n<figure class=\"wp-block-image size-full\"><img loading=\"lazy\" decoding=\"async\" width=\"394\" height=\"404\" src=\"https:\/\/costacollege.cl\/iquique\/wp-content\/uploads\/2025\/05\/ImageN-CEAL.jpg\" alt=\"\" class=\"wp-image-8176\" srcset=\"https:\/\/costacollege.cl\/iquique\/wp-content\/uploads\/2025\/05\/ImageN-CEAL.jpg 394w, https:\/\/costacollege.cl\/iquique\/wp-content\/uploads\/2025\/05\/ImageN-CEAL-293x300.jpg 293w\" sizes=\"auto, (max-width: 394px) 100vw, 394px\" \/><\/figure>\n<\/div>\n\n\n\n<div class=\"wp-block-column is-layout-flow wp-block-column-is-layout-flow\">\n<p>Las principales funciones del Centro de Alumnos son:<\/p>\n\n\n\n<ol style=\"list-style-type:lower-alpha\" class=\"wp-block-list\">\n<li>Conocer y difundir los objetivos y principios b\u00e1sicos del Proyecto Educativo del Colegio, fomentando actividades que incentiven la buena convivencia estudiantil y los valores que nuestro estamento promueve.<\/li>\n\n\n\n<li>Facilitar la participaci\u00f3n democr\u00e1tica y organizada del alumnado respondiendo a sus intereses, inquietudes y aspiraciones.\u00a0<\/li>\n\n\n\n<li>Promover el ser buen estudiante; poner inter\u00e9s, voluntad, esfuerzo y constancia en el aprendizaje fortaleciendo las relaciones humanas basadas en el respeto mutuo.\u00a0<\/li>\n\n\n\n<li>Representar los problemas, necesidades y aspiraciones del alumnado ante el Consejo Directivo, Consejo Escolar, las autoridades o cualquier organismo que corresponda.<\/li>\n\n\n\n<li>Procurar el bienestar del alumnado y un adecuado ambiente escolar.\u00a0<\/li>\n\n\n\n<li>Promover la participaci\u00f3n en las actividades formativas, program\u00e1ticas y extra program\u00e1ticas.<\/li>\n\n\n\n<li>Promover el ejercicio de los derechos estudiantiles y de los Derechos Humanos Universales, a trav\u00e9s de actividades, proyecto y sus relaciones interpersonales.<\/li>\n<\/ol>\n<\/div>\n<\/div>\n","protected":false},"excerpt":{"rendered":"<p>El Centro de Alumnos de Costa College es una organizaci\u00f3n formada por estudiantes, quienes fueron escogidos de forma democr\u00e1tica por sus compa\u00f1eros a trav\u00e9s de una elecci\u00f3n por listas, impulsa [&hellip;]<\/p>\n","protected":false},"author":1,"featured_media":0,"parent":0,"menu_order":0,"comment_status":"closed","ping_status":"closed","template":"","meta":{"_price":"","_stock":"","_tribe_ticket_header":"","_tribe_default_ticket_provider":"","_ticket_start_date":"","_ticket_end_date":"","_tribe_ticket_show_description":"","_tribe_ticket_show_not_going":false,"_tribe_ticket_use_global_stock":"","_tribe_ticket_global_stock_level":"","_global_stock_mode":"","_global_stock_cap":"","_tribe_rsvp_for_event":"","_tribe_ticket_going_count":"","_tribe_ticket_not_going_count":"","_tribe_tickets_list":"[]","_tribe_ticket_has_attendee_info_fields":false,"footnotes":"","_tec_slr_enabled":"","_tec_slr_layout":""},"class_list":["post-6907","page","type-page","status-publish","hentry"],"ticketed":false,"_links":{"self":[{"href":"https:\/\/costacollege.cl\/iquique\/wp-json\/wp\/v2\/pages\/6907","targetHints":{"allow":["GET"]}}],"collection":[{"href":"https:\/\/costacollege.cl\/iquique\/wp-json\/wp\/v2\/pages"}],"about":[{"href":"https:\/\/costacollege.cl\/iquique\/wp-json\/wp\/v2\/types\/page"}],"author":[{"embeddable":true,"href":"https:\/\/costacollege.cl\/iquique\/wp-json\/wp\/v2\/users\/1"}],"replies":[{"embeddable":true,"href":"https:\/\/costacollege.cl\/iquique\/wp-json\/wp\/v2\/comments?post=6907"}],"version-history":[{"count":4,"href":"https:\/\/costacollege.cl\/iquique\/wp-json\/wp\/v2\/pages\/6907\/revisions"}],"predecessor-version":[{"id":8178,"href":"https:\/\/costacollege.cl\/iquique\/wp-json\/wp\/v2\/pages\/6907\/revisions\/8178"}],"wp:attachment":[{"href":"https:\/\/costacollege.cl\/iquique\/wp-json\/wp\/v2\/media?parent=6907"}],"curies":[{"name":"wp","href":"https:\/\/api.w.org\/{rel}","templated":true}]}}