{"id":8306,"date":"2025-06-24T23:22:31","date_gmt":"2025-06-24T23:22:31","guid":{"rendered":"https:\/\/costacollege.cl\/iquique\/?page_id=8306"},"modified":"2025-08-13T14:45:09","modified_gmt":"2025-08-13T14:45:09","slug":"infant-2026","status":"publish","type":"page","link":"https:\/\/costacollege.cl\/iquique\/infant-2026\/","title":{"rendered":"Infant 2026"},"content":{"rendered":"\n<div class=\"wp-block-columns is-layout-flex wp-container-core-columns-is-layout-9d6595d7 wp-block-columns-is-layout-flex\">\n<div class=\"wp-block-column is-layout-flow wp-block-column-is-layout-flow\" style=\"flex-basis:66.66%\">\n<p>Estimados Padres y Apoderados,<\/p>\n\n\n\n<p>Nos complace anunciar que el Proceso de Postulaci\u00f3n y Admisi\u00f3n para K\u00ednder y Pre-k\u00ednder biling\u00fces, est\u00e1 abierto para el a\u00f1o escolar 2026.<\/p>\n\n\n\n<p>En nuestro jard\u00edn, ofrecemos una experiencia educativa \u00fanica que combina el aprendizaje del espa\u00f1ol y el ingl\u00e9s desde una edad temprana. Nuestro enfoque biling\u00fce no solo prepara a los ni\u00f1os para un futuro globalizado, sino que tambi\u00e9n estimula su desarrollo cognitivo y emocional.<\/p>\n\n\n\n<p><strong>\u00bfPor qu\u00e9 elegir nuestro jard\u00edn infantil?<\/strong><\/p>\n\n\n\n<ul class=\"wp-block-list\">\n<li><strong>Programa Educativo Integral:<\/strong> Nuestro curr\u00edculo est\u00e1 dise\u00f1ado para fomentar el desarrollo integral de los ni\u00f1os, abarcando aspectos cognitivos, emocionales, sociales y f\u00edsicos.<\/li>\n\n\n\n<li><strong>Ambiente Seguro y Acogedor:<\/strong> Nos preocupamos por crear un entorno seguro y acogedor donde los ni\u00f1os puedan explorar, aprender y crecer con confianza.<\/li>\n\n\n\n<li><strong>Personal Calificado:<\/strong> Contamos con un equipo de educadoras y t\u00e9cnicas altamente capacitadas y comprometidas con el bienestar y el desarrollo de cada ni\u00f1o y ni\u00f1a.<\/li>\n<\/ul>\n\n\n\n<p><strong>Actividades Enriquecedoras: <\/strong>Ofrecemos una variedad de actividades que incluyen m\u00fasica, arte, deportes y m\u00e1s, para complementar el aprendizaje diario.<\/p>\n<\/div>\n\n\n\n<div class=\"wp-block-column is-layout-flow wp-block-column-is-layout-flow\" style=\"flex-basis:33.33%\"><div class=\"wp-block-image\">\n<figure class=\"aligncenter size-full is-resized\"><img loading=\"lazy\" decoding=\"async\" width=\"1920\" height=\"2560\" src=\"https:\/\/costacollege.cl\/iquique\/wp-content\/uploads\/2025\/07\/WhatsApp-Image-2025-06-24-at-12.14.10-3-scaled.jpeg\" alt=\"\" class=\"wp-image-8387\" style=\"width:267px;height:auto\" srcset=\"https:\/\/costacollege.cl\/iquique\/wp-content\/uploads\/2025\/07\/WhatsApp-Image-2025-06-24-at-12.14.10-3-scaled.jpeg 1920w, https:\/\/costacollege.cl\/iquique\/wp-content\/uploads\/2025\/07\/WhatsApp-Image-2025-06-24-at-12.14.10-3-225x300.jpeg 225w, https:\/\/costacollege.cl\/iquique\/wp-content\/uploads\/2025\/07\/WhatsApp-Image-2025-06-24-at-12.14.10-3-768x1024.jpeg 768w, https:\/\/costacollege.cl\/iquique\/wp-content\/uploads\/2025\/07\/WhatsApp-Image-2025-06-24-at-12.14.10-3-1152x1536.jpeg 1152w, https:\/\/costacollege.cl\/iquique\/wp-content\/uploads\/2025\/07\/WhatsApp-Image-2025-06-24-at-12.14.10-3-1536x2048.jpeg 1536w, https:\/\/costacollege.cl\/iquique\/wp-content\/uploads\/2025\/07\/WhatsApp-Image-2025-06-24-at-12.14.10-3-600x800.jpeg 600w\" sizes=\"auto, (max-width: 1920px) 100vw, 1920px\" \/><\/figure>\n<\/div>\n\n<div class=\"wp-block-image\">\n<figure class=\"aligncenter size-full is-resized\"><img loading=\"lazy\" decoding=\"async\" width=\"1280\" height=\"960\" src=\"https:\/\/costacollege.cl\/iquique\/wp-content\/uploads\/2025\/07\/WhatsApp-Image-2025-07-03-at-11.02.46-1.jpeg\" alt=\"\" class=\"wp-image-8388\" style=\"width:277px;height:auto\" srcset=\"https:\/\/costacollege.cl\/iquique\/wp-content\/uploads\/2025\/07\/WhatsApp-Image-2025-07-03-at-11.02.46-1.jpeg 1280w, https:\/\/costacollege.cl\/iquique\/wp-content\/uploads\/2025\/07\/WhatsApp-Image-2025-07-03-at-11.02.46-1-300x225.jpeg 300w, https:\/\/costacollege.cl\/iquique\/wp-content\/uploads\/2025\/07\/WhatsApp-Image-2025-07-03-at-11.02.46-1-1024x768.jpeg 1024w, https:\/\/costacollege.cl\/iquique\/wp-content\/uploads\/2025\/07\/WhatsApp-Image-2025-07-03-at-11.02.46-1-768x576.jpeg 768w\" sizes=\"auto, (max-width: 1280px) 100vw, 1280px\" \/><\/figure>\n<\/div><\/div>\n<\/div>\n\n\n\n<div class=\"wp-block-columns is-layout-flex wp-container-core-columns-is-layout-9d6595d7 wp-block-columns-is-layout-flex\">\n<div class=\"wp-block-column is-layout-flow wp-block-column-is-layout-flow\" style=\"flex-basis:66.66%\">\n<p><strong>\u00a1No pierdas la oportunidad de darle a tu hijo la ventaja de una educaci\u00f3n biling\u00fce desde temprano!<\/strong><\/p>\n\n\n\n<ul class=\"wp-block-list\">\n<li>Para recibir asistencia a sus consultas y\/o recibir mayor &nbsp;informaci\u00f3n, no duden en contactarnos a los tel\u00e9fonos: +56 57 2451518 o+56 9 4409 7215<\/li>\n\n\n\n<li>Correo Electr\u00f3nico: admision@costacollege.cl<\/li>\n\n\n\n<li>Direcci\u00f3n: Jos\u00e9 Francisco Vergara n\u00b0 3241, Iquique.<\/li>\n<\/ul>\n\n\n\n<p><strong>Coordina una visita y descubre lo que Infant School puede ofrecer a tu familia.<\/strong> <\/p>\n\n\n\n<p>\u00a1Esperamos darte la bienvenida pronto!<\/p>\n<\/div>\n<\/div>\n\n\n\n<p>Atentamente,<br><strong>Comit\u00e9 de Admisi\u00f3n<\/strong><br><strong>Infant School &#8211; Costa College<\/strong><\/p>\n\n\n<div class=\"wp-block-image\">\n<figure class=\"aligncenter size-large\"><img loading=\"lazy\" decoding=\"async\" width=\"1024\" height=\"537\" src=\"https:\/\/costacollege.cl\/iquique\/wp-content\/uploads\/2025\/06\/infant3-1024x537.png\" alt=\"\" class=\"wp-image-8301\" srcset=\"https:\/\/costacollege.cl\/iquique\/wp-content\/uploads\/2025\/06\/infant3-1024x537.png 1024w, https:\/\/costacollege.cl\/iquique\/wp-content\/uploads\/2025\/06\/infant3-300x157.png 300w, https:\/\/costacollege.cl\/iquique\/wp-content\/uploads\/2025\/06\/infant3-768x403.png 768w, https:\/\/costacollege.cl\/iquique\/wp-content\/uploads\/2025\/06\/infant3.png 1260w\" sizes=\"auto, (max-width: 1024px) 100vw, 1024px\" \/><\/figure>\n<\/div>\n\n\n<div class=\"wp-block-columns is-layout-flex wp-container-core-columns-is-layout-9d6595d7 wp-block-columns-is-layout-flex\">\n<div class=\"wp-block-column is-layout-flow wp-block-column-is-layout-flow\">\n<p><\/p>\n<\/div>\n\n\n\n<div class=\"wp-block-column is-layout-flow wp-block-column-is-layout-flow\"><\/div>\n\n\n\n<div class=\"wp-block-column is-layout-flow wp-block-column-is-layout-flow\">\n<p><\/p>\n<\/div>\n<\/div>\n\n\n\n<div class=\"wp-block-columns is-layout-flex wp-container-core-columns-is-layout-9d6595d7 wp-block-columns-is-layout-flex\">\n<div class=\"wp-block-column is-layout-flow wp-block-column-is-layout-flow\">\n<div class=\"wp-block-buttons is-layout-flex wp-block-buttons-is-layout-flex\">\n<div class=\"wp-block-button\"><a class=\"wp-block-button__link has-white-color has-text-color has-background has-link-color wp-element-button\" href=\"https:\/\/costacollege.cl\/iquique\/wp-content\/uploads\/2025\/08\/Instructivo-Admision-y-Matricula-2026-Infant-School-2.pdf\" style=\"background-color:#1c0851\">Instructivo Proceso de Postulaci\u00f3n, Admisi\u00f3n y Matr\u00edcula<\/a><\/div>\n<\/div>\n<\/div>\n\n\n\n<div class=\"wp-block-column is-layout-flow wp-block-column-is-layout-flow\">\n<div class=\"wp-block-buttons is-layout-flex wp-block-buttons-is-layout-flex\">\n<div class=\"wp-block-button\"><a class=\"wp-block-button__link has-white-color has-text-color has-background has-link-color wp-element-button\" href=\"https:\/\/forms.gle\/7W1aWikduzVa2NBs9\" style=\"background-color:#1c0851\">Formulario online de Matr\u00edcula Infant 2026 (estudiantes antiguos y nuevos)<\/a><\/div>\n<\/div>\n<\/div>\n\n\n\n<div class=\"wp-block-column is-layout-flow wp-block-column-is-layout-flow\">\n<div class=\"wp-block-buttons is-layout-flex wp-block-buttons-is-layout-flex\">\n<div class=\"wp-block-button\"><a class=\"wp-block-button__link has-white-color has-text-color has-background has-link-color wp-element-button\" href=\"https:\/\/lookerstudio.google.com\/reporting\/11633310-98f1-4b97-af98-982204e0c30f\" style=\"background-color:#1c0851\">Cupos disponibles por nivel 2026<\/a><\/div>\n<\/div>\n<\/div>\n<\/div>\n","protected":false},"excerpt":{"rendered":"<p>Estimados Padres y Apoderados, Nos complace anunciar que el Proceso de Postulaci\u00f3n y Admisi\u00f3n para K\u00ednder y Pre-k\u00ednder biling\u00fces, est\u00e1 abierto para el a\u00f1o escolar 2026. En nuestro jard\u00edn, ofrecemos [&hellip;]<\/p>\n","protected":false},"author":1,"featured_media":0,"parent":0,"menu_order":0,"comment_status":"closed","ping_status":"closed","template":"","meta":{"_price":"","_stock":"","_tribe_ticket_header":"","_tribe_default_ticket_provider":"","_ticket_start_date":"","_ticket_end_date":"","_tribe_ticket_show_description":"","_tribe_ticket_show_not_going":false,"_tribe_ticket_use_global_stock":"","_tribe_ticket_global_stock_level":"","_global_stock_mode":"","_global_stock_cap":"","_tribe_rsvp_for_event":"","_tribe_ticket_going_count":"","_tribe_ticket_not_going_count":"","_tribe_tickets_list":"[]","_tribe_ticket_has_attendee_info_fields":false,"footnotes":"","_tec_slr_enabled":"","_tec_slr_layout":""},"class_list":["post-8306","page","type-page","status-publish","hentry"],"ticketed":false,"_links":{"self":[{"href":"https:\/\/costacollege.cl\/iquique\/wp-json\/wp\/v2\/pages\/8306","targetHints":{"allow":["GET"]}}],"collection":[{"href":"https:\/\/costacollege.cl\/iquique\/wp-json\/wp\/v2\/pages"}],"about":[{"href":"https:\/\/costacollege.cl\/iquique\/wp-json\/wp\/v2\/types\/page"}],"author":[{"embeddable":true,"href":"https:\/\/costacollege.cl\/iquique\/wp-json\/wp\/v2\/users\/1"}],"replies":[{"embeddable":true,"href":"https:\/\/costacollege.cl\/iquique\/wp-json\/wp\/v2\/comments?post=8306"}],"version-history":[{"count":5,"href":"https:\/\/costacollege.cl\/iquique\/wp-json\/wp\/v2\/pages\/8306\/revisions"}],"predecessor-version":[{"id":8424,"href":"https:\/\/costacollege.cl\/iquique\/wp-json\/wp\/v2\/pages\/8306\/revisions\/8424"}],"wp:attachment":[{"href":"https:\/\/costacollege.cl\/iquique\/wp-json\/wp\/v2\/media?parent=8306"}],"curies":[{"name":"wp","href":"https:\/\/api.w.org\/{rel}","templated":true}]}}