{"id":8348,"date":"2025-07-03T01:00:27","date_gmt":"2025-07-03T01:00:27","guid":{"rendered":"https:\/\/costacollege.cl\/iquique\/?page_id=8348"},"modified":"2025-08-13T14:43:36","modified_gmt":"2025-08-13T14:43:36","slug":"colegio-2026","status":"publish","type":"page","link":"https:\/\/costacollege.cl\/iquique\/colegio-2026\/","title":{"rendered":"Colegio 2026"},"content":{"rendered":"\n<figure class=\"wp-block-image size-large\"><img loading=\"lazy\" decoding=\"async\" width=\"1024\" height=\"129\" src=\"https:\/\/costacollege.cl\/iquique\/wp-content\/uploads\/2025\/07\/Banner_Costa_College_Dayton-1024x129.jpg\" alt=\"\" class=\"wp-image-8359\" srcset=\"https:\/\/costacollege.cl\/iquique\/wp-content\/uploads\/2025\/07\/Banner_Costa_College_Dayton-1024x129.jpg 1024w, https:\/\/costacollege.cl\/iquique\/wp-content\/uploads\/2025\/07\/Banner_Costa_College_Dayton-300x38.jpg 300w, https:\/\/costacollege.cl\/iquique\/wp-content\/uploads\/2025\/07\/Banner_Costa_College_Dayton-768x97.jpg 768w, https:\/\/costacollege.cl\/iquique\/wp-content\/uploads\/2025\/07\/Banner_Costa_College_Dayton-1536x194.jpg 1536w, https:\/\/costacollege.cl\/iquique\/wp-content\/uploads\/2025\/07\/Banner_Costa_College_Dayton.jpg 1587w\" sizes=\"auto, (max-width: 1024px) 100vw, 1024px\" \/><\/figure>\n\n\n\n<p>Estimados Padres y Apoderados:<br>Nos complace extenderles una cordial invitaci\u00f3n para postular a su hijo-a a nuestro colegio para el a\u00f1o acad\u00e9mico 2026. En nuestro establecimiento educacional, priorizamos el bienestar socioemocional y el aprendizaje integral de nuestros estudiantes, mediante un entorno seguro, respetuoso y propicio para el aprendizaje.<\/p>\n\n\n\n<div class=\"wp-block-columns is-layout-flex wp-container-core-columns-is-layout-9d6595d7 wp-block-columns-is-layout-flex\">\n<div class=\"wp-block-column is-layout-flow wp-block-column-is-layout-flow\">\n<p><strong>\u00bfPor qu\u00e9 elegirnos?<\/strong><\/p>\n\n\n\n<p>En nuestro colegio y jard\u00edn, ubicados en el sector centro sur de Iquique, nos destacamos por:<\/p>\n\n\n\n<ol start=\"1\" class=\"wp-block-list\">\n<li><strong>Bienestar Socioemocional:<\/strong> Fomentamos un ambiente seguro y acogedor donde cada ni\u00f1o y ni\u00f1a se siente valorado y respetado.<\/li>\n\n\n\n<li><strong>Aprendizaje Integral:<\/strong> Ofrecemos un programa acad\u00e9mico riguroso complementado con actividades extracurriculares que potencian las habilidades y talentos individuales.<\/li>\n\n\n\n<li><strong>Plan Biling\u00fce (ingl\u00e9s-espa\u00f1ol):<\/strong><strong> <\/strong>Contamos con un Plan de Educaci\u00f3n Biling\u00fce desde Pre-k\u00ednder hasta Sexto B\u00e1sico, con certificaci\u00f3n TOEFL Junior para Sexto b\u00e1sico y Cuarto medio, a partir de S\u00e9ptimo b\u00e1sico contin\u00faan con educaci\u00f3n tradicional hasta Cuarto Medio, manteniendo las exigencias del idioma Ingl\u00e9s.<\/li>\n<\/ol>\n<\/div>\n\n\n\n<div class=\"wp-block-column is-layout-flow wp-block-column-is-layout-flow\"><div class=\"wp-block-image\">\n<figure class=\"aligncenter size-large is-resized\"><img loading=\"lazy\" decoding=\"async\" width=\"1024\" height=\"1024\" src=\"https:\/\/costacollege.cl\/iquique\/wp-content\/uploads\/2025\/07\/Costa-al-Dia-2026-1024x1024.jpg\" alt=\"\" class=\"wp-image-8383\" style=\"width:272px;height:auto\" srcset=\"https:\/\/costacollege.cl\/iquique\/wp-content\/uploads\/2025\/07\/Costa-al-Dia-2026-1024x1024.jpg 1024w, https:\/\/costacollege.cl\/iquique\/wp-content\/uploads\/2025\/07\/Costa-al-Dia-2026-300x300.jpg 300w, https:\/\/costacollege.cl\/iquique\/wp-content\/uploads\/2025\/07\/Costa-al-Dia-2026-150x150.jpg 150w, https:\/\/costacollege.cl\/iquique\/wp-content\/uploads\/2025\/07\/Costa-al-Dia-2026-768x768.jpg 768w, https:\/\/costacollege.cl\/iquique\/wp-content\/uploads\/2025\/07\/Costa-al-Dia-2026-500x500.jpg 500w, https:\/\/costacollege.cl\/iquique\/wp-content\/uploads\/2025\/07\/Costa-al-Dia-2026.jpg 1215w\" sizes=\"auto, (max-width: 1024px) 100vw, 1024px\" \/><\/figure>\n<\/div><\/div>\n<\/div>\n\n\n\n<p><strong>Proceso de Postulaci\u00f3n:<\/strong><\/p>\n\n\n\n<p>Para iniciar el proceso de postulaci\u00f3n, los invitamos a visitar Admisi\u00f3n, en nuestra p\u00e1gina web <a href=\"http:\/\/www.costacollege.cl\">www.costacollege.cl<\/a> donde podr\u00e1n encontrar el Instructivo con toda la informaci\u00f3n necesaria, incluyendo requisitos, fechas importantes y el formulario online de postulaci\u00f3n.<\/p>\n\n\n\n<p><strong>Fechas Importantes:<\/strong><\/p>\n\n\n\n<ul class=\"wp-block-list\">\n<li>Inicio de postulaciones: 01 de julio de 2025 (seg\u00fan disponibilidad de cupos)<\/li>\n\n\n\n<li>Cierre de postulaciones: Hasta completar el cupo m\u00e1ximo por cursos.<\/li>\n<\/ul>\n\n\n\n<p>Para recibir asistencia a sus dudas y consultas o recibir mayor informaci\u00f3n, no duden en contactarnos a los tel\u00e9fonos +56 57 2451518, +56 9 4409 7215 o al correo electr\u00f3nico <a href=\"mailto:admision@costacollege.cl\">admision@costacollege.cl<\/a>.<\/p>\n\n\n\n<p>Estamos entusiasmados por la posibilidad de recibir a su familia en nuestra comunidad educativa y esperamos apoyar a su hijo\/a en su camino de crecimiento y aprendizaje.<\/p>\n\n\n\n<p>Atentamente,<\/p>\n\n\n\n<p><br><strong>Comit\u00e9 de Admisi\u00f3n<\/strong><br><strong>Costa College<\/strong><\/p>\n\n\n<div class=\"wp-block-image\">\n<figure class=\"aligncenter size-full\"><img loading=\"lazy\" decoding=\"async\" width=\"900\" height=\"300\" src=\"https:\/\/costacollege.cl\/iquique\/wp-content\/uploads\/2025\/07\/Talento-Costa-College.jpg\" alt=\"\" class=\"wp-image-8362\" srcset=\"https:\/\/costacollege.cl\/iquique\/wp-content\/uploads\/2025\/07\/Talento-Costa-College.jpg 900w, https:\/\/costacollege.cl\/iquique\/wp-content\/uploads\/2025\/07\/Talento-Costa-College-300x100.jpg 300w, https:\/\/costacollege.cl\/iquique\/wp-content\/uploads\/2025\/07\/Talento-Costa-College-768x256.jpg 768w\" sizes=\"auto, (max-width: 900px) 100vw, 900px\" \/><\/figure>\n<\/div>\n\n\n<div style=\"height:79px\" aria-hidden=\"true\" class=\"wp-block-spacer\"><\/div>\n\n\n\n<div class=\"wp-block-columns is-layout-flex wp-container-core-columns-is-layout-9d6595d7 wp-block-columns-is-layout-flex\">\n<div class=\"wp-block-column is-layout-flow wp-block-column-is-layout-flow\">\n<div class=\"wp-block-buttons is-content-justification-center is-layout-flex wp-container-core-buttons-is-layout-16018d1d wp-block-buttons-is-layout-flex\">\n<div class=\"wp-block-button\"><a class=\"wp-block-button__link has-white-color has-text-color has-background has-link-color wp-element-button\" href=\"https:\/\/forms.gle\/NacFgkTMAkBJe3K39\" style=\"background-color:#050e68\">Formulario online de Matr\u00edcula 2026 (estudiantes antiguos)<\/a><\/div>\n<\/div>\n<\/div>\n\n\n\n<div class=\"wp-block-column is-layout-flow wp-block-column-is-layout-flow\">\n<div class=\"wp-block-buttons is-content-justification-center is-layout-flex wp-container-core-buttons-is-layout-16018d1d wp-block-buttons-is-layout-flex\">\n<div class=\"wp-block-button\"><a class=\"wp-block-button__link has-white-color has-text-color has-background has-link-color wp-element-button\" href=\"https:\/\/forms.gle\/zKqWUXgPo8jmQtzJ7\" style=\"background-color:#050e68\">Formulario online de Postulaci\u00f3n 2026 (estudiantes nuevos)<\/a><\/div>\n<\/div>\n<\/div>\n\n\n\n<div class=\"wp-block-column is-layout-flow wp-block-column-is-layout-flow\">\n<div class=\"wp-block-buttons is-content-justification-center is-layout-flex wp-container-core-buttons-is-layout-16018d1d wp-block-buttons-is-layout-flex\">\n<div class=\"wp-block-button\"><a class=\"wp-block-button__link has-white-color has-text-color has-background has-link-color wp-element-button\" href=\"https:\/\/lookerstudio.google.com\/reporting\/11633310-98f1-4b97-af98-982204e0c30f\" style=\"background-color:#050e68\">Cupos Disponibles por Nivel 2026<\/a><\/div>\n<\/div>\n<\/div>\n<\/div>\n\n\n\n<div style=\"height:48px\" aria-hidden=\"true\" class=\"wp-block-spacer\"><\/div>\n\n\n\n<div class=\"wp-block-buttons is-content-justification-center is-layout-flex wp-container-core-buttons-is-layout-16018d1d wp-block-buttons-is-layout-flex\">\n<div class=\"wp-block-button\"><a class=\"wp-block-button__link has-white-color has-text-color has-background has-link-color wp-element-button\" href=\"https:\/\/costacollege.cl\/iquique\/wp-content\/uploads\/2025\/08\/Instructivo-Proceso-de-Postulacion-Admision-y-Matricula-2026-3.pdf\" style=\"background-color:#050e68\">&nbsp;Instructivo Proceso de Postulaci\u00f3n, Admisi\u00f3n y Matr\u00edcula 2026<\/a><\/div>\n<\/div>\n","protected":false},"excerpt":{"rendered":"<p>Estimados Padres y Apoderados:Nos complace extenderles una cordial invitaci\u00f3n para postular a su hijo-a a nuestro colegio para el a\u00f1o acad\u00e9mico 2026. En nuestro establecimiento educacional, priorizamos el bienestar socioemocional [&hellip;]<\/p>\n","protected":false},"author":1,"featured_media":0,"parent":0,"menu_order":0,"comment_status":"closed","ping_status":"closed","template":"","meta":{"_price":"","_stock":"","_tribe_ticket_header":"","_tribe_default_ticket_provider":"","_ticket_start_date":"","_ticket_end_date":"","_tribe_ticket_show_description":"","_tribe_ticket_show_not_going":false,"_tribe_ticket_use_global_stock":"","_tribe_ticket_global_stock_level":"","_global_stock_mode":"","_global_stock_cap":"","_tribe_rsvp_for_event":"","_tribe_ticket_going_count":"","_tribe_ticket_not_going_count":"","_tribe_tickets_list":"[]","_tribe_ticket_has_attendee_info_fields":false,"footnotes":"","_tec_slr_enabled":"","_tec_slr_layout":""},"class_list":["post-8348","page","type-page","status-publish","hentry"],"ticketed":false,"_links":{"self":[{"href":"https:\/\/costacollege.cl\/iquique\/wp-json\/wp\/v2\/pages\/8348","targetHints":{"allow":["GET"]}}],"collection":[{"href":"https:\/\/costacollege.cl\/iquique\/wp-json\/wp\/v2\/pages"}],"about":[{"href":"https:\/\/costacollege.cl\/iquique\/wp-json\/wp\/v2\/types\/page"}],"author":[{"embeddable":true,"href":"https:\/\/costacollege.cl\/iquique\/wp-json\/wp\/v2\/users\/1"}],"replies":[{"embeddable":true,"href":"https:\/\/costacollege.cl\/iquique\/wp-json\/wp\/v2\/comments?post=8348"}],"version-history":[{"count":5,"href":"https:\/\/costacollege.cl\/iquique\/wp-json\/wp\/v2\/pages\/8348\/revisions"}],"predecessor-version":[{"id":8421,"href":"https:\/\/costacollege.cl\/iquique\/wp-json\/wp\/v2\/pages\/8348\/revisions\/8421"}],"wp:attachment":[{"href":"https:\/\/costacollege.cl\/iquique\/wp-json\/wp\/v2\/media?parent=8348"}],"curies":[{"name":"wp","href":"https:\/\/api.w.org\/{rel}","templated":true}]}}